{"id":42,"date":"2013-03-01T11:47:26","date_gmt":"2013-03-01T09:47:26","guid":{"rendered":"http:\/\/manierenversagen.de\/?page_id=42"},"modified":"2025-08-17T19:08:09","modified_gmt":"2025-08-17T17:08:09","slug":"impressum","status":"publish","type":"page","link":"https:\/\/manierenversagen.de\/?page_id=42","title":{"rendered":"Impressum"},"content":{"rendered":"<p><strong>Inhaltlich verantwortlich<\/strong><\/p>\n<p>Arne G\u00fclzau<br \/>\nHorstfeldstr. 9<br \/>\n31162 Bad Salzdetfurth<\/p>\n<p>Email: arne@manierenversagen.de<\/p>\n<p>Ich widerspreche ausdr\u00fccklich der Nutzung und\/oder \u00dcbermittlung meiner hier genannten Kontaktdaten f\u00fcr kommerzielle Zwecke oder f\u00fcr die Markt- bzw. Meinungsforschung (\u00a728 Abs.4 BDSG).<\/p>\n","protected":false},"excerpt":{"rendered":"<p>Inhaltlich verantwortlich Arne G\u00fclzau Horstfeldstr. 9 31162 Bad Salzdetfurth Email: arne@manierenversagen.de Ich widerspreche ausdr\u00fccklich der Nutzung und\/oder \u00dcbermittlung meiner hier genannten Kontaktdaten f\u00fcr kommerzielle Zwecke oder f\u00fcr die Markt- bzw. Meinungsforschung (\u00a728 Abs.4 BDSG).<\/p>\n","protected":false},"author":1,"featured_media":0,"parent":0,"menu_order":0,"comment_status":"closed","ping_status":"closed","template":"","meta":{"footnotes":""},"class_list":["post-42","page","type-page","status-publish","hentry"],"_links":{"self":[{"href":"https:\/\/manierenversagen.de\/index.php?rest_route=\/wp\/v2\/pages\/42","targetHints":{"allow":["GET"]}}],"collection":[{"href":"https:\/\/manierenversagen.de\/index.php?rest_route=\/wp\/v2\/pages"}],"about":[{"href":"https:\/\/manierenversagen.de\/index.php?rest_route=\/wp\/v2\/types\/page"}],"author":[{"embeddable":true,"href":"https:\/\/manierenversagen.de\/index.php?rest_route=\/wp\/v2\/users\/1"}],"replies":[{"embeddable":true,"href":"https:\/\/manierenversagen.de\/index.php?rest_route=%2Fwp%2Fv2%2Fcomments&post=42"}],"version-history":[{"count":12,"href":"https:\/\/manierenversagen.de\/index.php?rest_route=\/wp\/v2\/pages\/42\/revisions"}],"predecessor-version":[{"id":6629,"href":"https:\/\/manierenversagen.de\/index.php?rest_route=\/wp\/v2\/pages\/42\/revisions\/6629"}],"wp:attachment":[{"href":"https:\/\/manierenversagen.de\/index.php?rest_route=%2Fwp%2Fv2%2Fmedia&parent=42"}],"curies":[{"name":"wp","href":"https:\/\/api.w.org\/{rel}","templated":true}]}}